{"id":6,"date":"2021-07-20T18:09:02","date_gmt":"2021-07-20T16:09:02","guid":{"rendered":"http:\/\/studiokoba.com\/music\/?page_id=6"},"modified":"2022-05-13T13:52:50","modified_gmt":"2022-05-13T11:52:50","slug":"naritaboy-vinyl","status":"publish","type":"page","link":"https:\/\/studiokoba.com\/music\/","title":{"rendered":"Narita Boy Vinyl"},"content":{"rendered":"<div id=\"collection-component-1625672012924\"><\/div>\n<p><script type=\"text\/javascript\">\n\/*<![CDATA[*\/ (function () { var scriptURL = 'https:\/\/sdks.shopifycdn.com\/buy-button\/latest\/buy-button-storefront.min.js'; if (window.ShopifyBuy) { if (window.ShopifyBuy.UI) { ShopifyBuyInit(); } else { loadScript(); } } else { loadScript(); } function loadScript() { var script = document.createElement('script'); script.async = true; script.src = scriptURL; (document.getElementsByTagName('head')[0] || document.getElementsByTagName('body')[0]).appendChild(script); script.onload = ShopifyBuyInit; } function ShopifyBuyInit() { var client = ShopifyBuy.buildClient({ domain: 'rhrn.myshopify.com', storefrontAccessToken: '9d6086073641d92456cf34301a27a4b3', }); ShopifyBuy.UI.onReady(client).then(function (ui) { ui.createComponent('collection', { id: '264606515277', node: document.getElementById('collection-component-1625672012924'), moneyFormat: '%E2%82%AC%7B%7Bamount%7D%7D', options: { \"product\": { \"styles\": { \"product\": { \"@media (min-width: 601px)\": { \"max-width\": \"calc(25% - 20px)\", \"margin-left\": \"20px\", \"margin-bottom\": \"50px\", \"width\": \"calc(25% - 20px)\" }, \"img\": { \"height\": \"calc(100% - 15px)\", \"position\": \"absolute\", \"left\": \"0\", \"right\": \"0\", \"top\": \"0\" }, \"imgWrapper\": { \"padding-top\": \"calc(75% + 15px)\", \"position\": \"relative\", \"height\": \"0\" } }, \"title\": { \"font-size\": \"16px\", \"color\": \"#060606\" }, \"button\": { \"color\": \"#f4f7f6\", \":hover\": { \"color\": \"#f4f7f6\", \"background-color\": \"#161614\" }, \"background-color\": \"#0d0d0c\", \":focus\": { \"background-color\": \"#161614\" }, \"border-radius\": \"9px\", \"padding-left\": \"20px\", \"padding-right\": \"20px\" }, \"price\": { \"font-weight\": \"bold\", \"font-size\": \"16px\", \"color\": \"#000000\" }, \"compareAt\": { \"font-weight\": \"bold\", \"font-size\": \"13.6px\", \"color\": \"#000000\" }, \"unitPrice\": { \"font-weight\": \"bold\", \"font-size\": \"13.6px\", \"color\": \"#000000\" }, \"description\": { \"color\": \"#0e0d0d\" } }, \"text\": { \"button\": \"BUY\" } }, \"productSet\": { \"styles\": { \"products\": { \"@media (min-width: 601px)\": { \"margin-left\": \"-20px\" } } } }, \"modalProduct\": { \"contents\": { \"img\": false, \"imgWithCarousel\": true, \"button\": false, \"buttonWithQuantity\": true }, \"styles\": { \"product\": { \"@media (min-width: 601px)\": { \"max-width\": \"100%\", \"margin-left\": \"0px\", \"margin-bottom\": \"0px\" } }, \"button\": { \"color\": \"#f4f7f6\", \":hover\": { \"color\": \"#f4f7f6\", \"background-color\": \"#161614\" }, \"background-color\": \"#0d0d0c\", \":focus\": { \"background-color\": \"#161614\" }, \"border-radius\": \"9px\", \"padding-left\": \"20px\", \"padding-right\": \"20px\" }, \"title\": { \"font-family\": \"Helvetica Neue, sans-serif\", \"font-weight\": \"bold\", \"font-size\": \"26px\", \"color\": \"#4c4c4c\" }, \"price\": { \"font-family\": \"Helvetica Neue, sans-serif\", \"font-weight\": \"normal\", \"font-size\": \"18px\", \"color\": \"#4c4c4c\" }, \"compareAt\": { \"font-family\": \"Helvetica Neue, sans-serif\", \"font-weight\": \"normal\", \"font-size\": \"15.299999999999999px\", \"color\": \"#4c4c4c\" }, \"unitPrice\": { \"font-family\": \"Helvetica Neue, sans-serif\", \"font-weight\": \"normal\", \"font-size\": \"15.299999999999999px\", \"color\": \"#4c4c4c\" }, \"description\": { \"font-family\": \"Helvetica Neue, sans-serif\", \"font-weight\": \"normal\", \"font-size\": \"14px\", \"color\": \"#4c4c4c\" } } }, \"option\": { \"styles\": { \"label\": { \"color\": \"#000000\" } } }, \"cart\": { \"styles\": { \"button\": { \"color\": \"#f4f7f6\", \":hover\": { \"color\": \"#f4f7f6\", \"background-color\": \"#161614\" }, \"background-color\": \"#0d0d0c\", \":focus\": { \"background-color\": \"#161614\" }, \"border-radius\": \"9px\" }, \"title\": { \"color\": \"#4c4c4c\" }, \"header\": { \"color\": \"#4c4c4c\" }, \"lineItems\": { \"color\": \"#4c4c4c\" }, \"subtotalText\": { \"color\": \"#4c4c4c\" }, \"subtotal\": { \"color\": \"#4c4c4c\" }, \"notice\": { \"color\": \"#4c4c4c\" }, \"currency\": { \"color\": \"#4c4c4c\" }, \"close\": { \"color\": \"#4c4c4c\", \":hover\": { \"color\": \"#4c4c4c\" } }, \"empty\": { \"color\": \"#4c4c4c\" }, \"noteDescription\": { \"color\": \"#4c4c4c\" }, \"discountText\": { \"color\": \"#4c4c4c\" }, \"discountIcon\": { \"fill\": \"#4c4c4c\" }, \"discountAmount\": { \"color\": \"#4c4c4c\" } }, \"text\": { \"title\": \"Carrito\", \"empty\": \"A\u00fan no has a\u00f1adido ning\u00fan producto\", \"notice\": \"\", \"button\": \"BUY\" } }, \"toggle\": { \"styles\": { \"toggle\": { \"background-color\": \"#0d0d0c\", \":hover\": { \"background-color\": \"#161614\" }, \":focus\": { \"background-color\": \"#161614\" } }, \"count\": { \"color\": \"#f4f7f6\", \":hover\": { \"color\": \"#f4f7f6\" } }, \"iconPath\": { \"fill\": \"#f4f7f6\" } } }, \"lineItem\": { \"styles\": { \"variantTitle\": { \"color\": \"#4c4c4c\" }, \"title\": { \"color\": \"#4c4c4c\" }, \"price\": { \"color\": \"#4c4c4c\" }, \"fullPrice\": { \"color\": \"#4c4c4c\" }, \"discount\": { \"color\": \"#4c4c4c\" }, \"discountIcon\": { \"fill\": \"#4c4c4c\" }, \"quantity\": { \"color\": \"#4c4c4c\" }, \"quantityIncrement\": { \"color\": \"#4c4c4c\", \"border-color\": \"#4c4c4c\" }, \"quantityDecrement\": { \"color\": \"#4c4c4c\", \"border-color\": \"#4c4c4c\" }, \"quantityInput\": { \"color\": \"#4c4c4c\", \"border-color\": \"#4c4c4c\" } } } }, }); }); } })(); \/*]]>*\/\n<\/script><\/p>\n<div id=\"collection-component-1625672012924\"><\/div>\n<p>&nbsp;<\/p>\n<div id=\"collection-component-1625672012924\" style=\"text-align: left;\"><\/div>\n<p style=\"text-align: left;\"><span class=\"tL8wMe EMoHub\" dir=\"ltr\"><span class=\"tL8wMe EMoHub\" dir=\"ltr\">A selection of 13 tracks from the Narita Boy Soundtrack (180gr vinyl)<\/span><\/span><\/p>\n<p style=\"text-align: left;\"><strong>Total time: 41mn<\/strong><\/p>\n<p style=\"text-align: left;\"><strong>Track title:<\/strong><br \/>\n1. Narita Boy Theme<br \/>\n2. Techno-Sword<br \/>\n3. Forgotten Forest<br \/>\n4. Synth-Sensei<br \/>\n5. Riding the Servohorse<br \/>\n6. Dragon<br \/>\n7. Memory #1<br \/>\n8. Saving the World<br \/>\n9. Pirate<br \/>\n10. White Noise<br \/>\n11. Big Narita<br \/>\n12. Trichroma Sunset<br \/>\n13. Lost memory<\/p>\n<p style=\"text-align: left;\">Add to your vinyl purchase the full soundtrack (51 songs) in WAV and MP3 formats at a 50% discount.<\/p>\n<p><img loading=\"lazy\" decoding=\"async\" class=\"size-medium wp-image-29 aligncenter\" src=\"http:\/\/studiokoba.com\/music\/wp-content\/uploads\/2021\/07\/NB_TSHIRT_Espada-300x150.png\" alt=\"\" width=\"300\" height=\"150\" srcset=\"https:\/\/studiokoba.com\/music\/wp-content\/uploads\/2021\/07\/NB_TSHIRT_Espada-300x150.png 300w, https:\/\/studiokoba.com\/music\/wp-content\/uploads\/2021\/07\/NB_TSHIRT_Espada-1024x510.png 1024w, https:\/\/studiokoba.com\/music\/wp-content\/uploads\/2021\/07\/NB_TSHIRT_Espada-768x383.png 768w, https:\/\/studiokoba.com\/music\/wp-content\/uploads\/2021\/07\/NB_TSHIRT_Espada-1536x765.png 1536w, https:\/\/studiokoba.com\/music\/wp-content\/uploads\/2021\/07\/NB_TSHIRT_Espada-2048x1021.png 2048w, https:\/\/studiokoba.com\/music\/wp-content\/uploads\/2021\/07\/NB_TSHIRT_Espada-1568x781.png 1568w\" sizes=\"auto, (max-width: 300px) 100vw, 300px\" \/><\/p>\n<h2 style=\"text-align: left;\">Shipping fee (estimated)<\/h2>\n<div style=\"text-align: left;\">&#8211; 5,40\u20ac Spain (48-72h)<\/div>\n<div style=\"text-align: left;\">&#8211; 12,60\u20ac Europe (2-3 weeks)<\/div>\n<div style=\"text-align: left;\">&#8211; 15\u20ac Rest of the world (3-4 weeks)<\/div>\n<div style=\"text-align: left;\"><\/div>\n<div style=\"text-align: left;\">Note: Because of the Covid-19, international shipping can take longer than usual.<\/div>\n<div><\/div>\n<div><img loading=\"lazy\" decoding=\"async\" class=\"size-medium wp-image-29 aligncenter\" src=\"http:\/\/studiokoba.com\/music\/wp-content\/uploads\/2021\/07\/NB_TSHIRT_Espada-300x150.png\" alt=\"\" width=\"300\" height=\"150\" srcset=\"https:\/\/studiokoba.com\/music\/wp-content\/uploads\/2021\/07\/NB_TSHIRT_Espada-300x150.png 300w, https:\/\/studiokoba.com\/music\/wp-content\/uploads\/2021\/07\/NB_TSHIRT_Espada-1024x510.png 1024w, https:\/\/studiokoba.com\/music\/wp-content\/uploads\/2021\/07\/NB_TSHIRT_Espada-768x383.png 768w, https:\/\/studiokoba.com\/music\/wp-content\/uploads\/2021\/07\/NB_TSHIRT_Espada-1536x765.png 1536w, https:\/\/studiokoba.com\/music\/wp-content\/uploads\/2021\/07\/NB_TSHIRT_Espada-2048x1021.png 2048w, https:\/\/studiokoba.com\/music\/wp-content\/uploads\/2021\/07\/NB_TSHIRT_Espada-1568x781.png 1568w\" sizes=\"auto, (max-width: 300px) 100vw, 300px\" \/><\/div>\n<h2 style=\"text-align: left;\">Digital<\/h2>\n<p style=\"text-align: left;\">You can purchase the full game soundtrack (digital only) at<\/p>\n<ul style=\"text-align: left;\">\n<li><a href=\"https:\/\/music.apple.com\/es\/album\/narita-boy-original-game-soundtrack\/1555493432\" target=\"_blank\" rel=\"noopener\">iTunes<\/a><\/li>\n<li><a href=\"https:\/\/www.amazon.com\/-\/es\/Salvinsky\/dp\/B08XJS9W2Q\/ref=sr_1_2?__mk_es_US=%C3%85M%C3%85%C5%BD%C3%95%C3%91&amp;dchild=1&amp;keywords=narita+boy+original+game+soundtrack&amp;qid=1617702350&amp;sr=8-2\" target=\"_blank\" rel=\"noopener\">Amazon\u00a0 Music<\/a><\/li>\n<li><a href=\"https:\/\/salvinsky.bandcamp.com\/\" target=\"_blank\" rel=\"noopener\">Bandcamp<\/a><\/li>\n<\/ul>\n<p>&nbsp;<\/p>\n<p>&nbsp;<\/p>\n<p><img loading=\"lazy\" decoding=\"async\" class=\"wp-image-31 aligncenter\" src=\"http:\/\/studiokoba.com\/music\/wp-content\/uploads\/2021\/07\/studio-koba-logo-transparent-crop-1-300x210.png\" alt=\"\" width=\"167\" height=\"117\" srcset=\"https:\/\/studiokoba.com\/music\/wp-content\/uploads\/2021\/07\/studio-koba-logo-transparent-crop-1-300x210.png 300w, https:\/\/studiokoba.com\/music\/wp-content\/uploads\/2021\/07\/studio-koba-logo-transparent-crop-1-768x537.png 768w, https:\/\/studiokoba.com\/music\/wp-content\/uploads\/2021\/07\/studio-koba-logo-transparent-crop-1.png 812w\" sizes=\"auto, (max-width: 167px) 100vw, 167px\" \/><\/p>\n<p style=\"text-align: left;\">\n","protected":false},"excerpt":{"rendered":"<p>&nbsp; A selection of 13 tracks from the Narita Boy Soundtrack (180gr vinyl) Total time: 41mn Track title: 1. Narita Boy Theme 2. Techno-Sword 3. Forgotten Forest 4. Synth-Sensei 5. Riding the Servohorse 6. Dragon 7. Memory #1 8. Saving the World 9. Pirate 10. White Noise 11. Big Narita 12. Trichroma Sunset 13. Lost&hellip; <a class=\"more-link\" href=\"https:\/\/studiokoba.com\/music\/\">Continue reading <span class=\"screen-reader-text\">Narita Boy Vinyl<\/span><\/a><\/p>\n","protected":false},"author":1,"featured_media":0,"parent":0,"menu_order":0,"comment_status":"closed","ping_status":"closed","template":"","meta":{"footnotes":""},"class_list":["post-6","page","type-page","status-publish","hentry","entry"],"_links":{"self":[{"href":"https:\/\/studiokoba.com\/music\/wp-json\/wp\/v2\/pages\/6","targetHints":{"allow":["GET"]}}],"collection":[{"href":"https:\/\/studiokoba.com\/music\/wp-json\/wp\/v2\/pages"}],"about":[{"href":"https:\/\/studiokoba.com\/music\/wp-json\/wp\/v2\/types\/page"}],"author":[{"embeddable":true,"href":"https:\/\/studiokoba.com\/music\/wp-json\/wp\/v2\/users\/1"}],"replies":[{"embeddable":true,"href":"https:\/\/studiokoba.com\/music\/wp-json\/wp\/v2\/comments?post=6"}],"version-history":[{"count":29,"href":"https:\/\/studiokoba.com\/music\/wp-json\/wp\/v2\/pages\/6\/revisions"}],"predecessor-version":[{"id":109,"href":"https:\/\/studiokoba.com\/music\/wp-json\/wp\/v2\/pages\/6\/revisions\/109"}],"wp:attachment":[{"href":"https:\/\/studiokoba.com\/music\/wp-json\/wp\/v2\/media?parent=6"}],"curies":[{"name":"wp","href":"https:\/\/api.w.org\/{rel}","templated":true}]}}